{"id":62,"date":"2022-06-21T08:38:09","date_gmt":"2022-06-21T08:38:09","guid":{"rendered":"https:\/\/www.echoeducation.eu\/network\/"},"modified":"2023-07-03T08:15:22","modified_gmt":"2023-07-03T08:15:22","slug":"network","status":"publish","type":"page","link":"https:\/\/www.echoeducation.eu\/it\/network\/","title":{"rendered":"Network"},"content":{"rendered":"\n  <div id=\"page-header-2043926391\" class=\"page-header-wrapper\">\n  <div class=\"page-title dark featured-title\">\n\n        <div class=\"page-title-bg\">\n      <div class=\"title-bg fill bg-fill\"\n        data-parallax-container=\".page-title\"\n        data-parallax-background\n        data-parallax=\"-\">\n      <\/div>\n      <div class=\"title-overlay fill\"><\/div>\n    <\/div>\n    \n    <div class=\"page-title-inner container align-center text-center flex-row-col medium-flex-wrap\" >\n              <div class=\"title-wrapper flex-col\">\n          <h1 class=\"entry-title mb-0\">\n            Network          <\/h1>\n        <\/div>\n                    <div class=\"title-content flex-col\">\n        <div class=\"title-breadcrumbs pb-half pt-half\"><\/div>      <\/div>\n    <\/div>\n\n     \n<style>\n#page-header-2043926391 .page-title-inner {\n  min-height: 178px;\n}\n#page-header-2043926391 .title-bg {\n  background-image: url(https:\/\/www.echoeducation.eu\/wp-content\/uploads\/2022\/07\/shutterstock_364049327.jpeg);\n}\n#page-header-2043926391 .featured-title {\n  background-color: rgb(0,0,0);\n}\n<\/style>\n  <\/div>\n    <\/div>\n  \n\n\t<section class=\"section\" id=\"section_1370890745\">\n\t\t<div class=\"bg section-bg fill bg-fill  bg-loaded\" >\n\n\t\t\t\n\t\t\t\n\t\t\t\n\n\t\t<\/div>\n\n\t\t\n\n\t\t<div class=\"section-content relative\">\n\t\t\t\n\n\t<div id=\"gap-1550589578\" class=\"gap-element clearfix\" style=\"display:block; height:auto;\">\n\t\t\n<style>\n#gap-1550589578 {\n  padding-top: 30px;\n}\n<\/style>\n\t<\/div>\n\t\n\n<div class=\"row\"  id=\"row-1946534814\">\n\n\n\t<div id=\"col-282354885\" class=\"col small-12 large-12\"  >\n\t\t\t\t<div class=\"col-inner\"  >\n\t\t\t\n\t\t\t\n\n\t<div id=\"text-2043402943\" class=\"text\">\n\t\t\n\n<h6><strong>Fondazione Pietro Barbaro <\/strong><\/h6>\n\t\t\n<style>\n#text-2043402943 {\n  font-size: 1.25rem;\n}\n<\/style>\n\t<\/div>\n\t\n\n\t\t<\/div>\n\t\t\t\t\t<\/div>\n\n\t\n\n<\/div>\n<div class=\"row\"  id=\"row-1403380827\">\n\n\n\t<div id=\"col-1773951568\" class=\"col medium-4 small-12 large-3\"  >\n\t\t\t\t<div class=\"col-inner\"  >\n\t\t\t\n\t\t\t\n\n\t<div class=\"img has-hover x md-x lg-x y md-y lg-y\" id=\"image_1574377719\">\n\t\t\t\t\t\t\t\t<div class=\"img-inner dark\" >\n\t\t\t<img width=\"300\" height=\"300\" src=\"https:\/\/www.echoeducation.eu\/wp-content\/uploads\/2022\/07\/logo_fondazione-pietro-barabro.png\" class=\"attachment-large size-large\" alt=\"\" loading=\"lazy\" srcset=\"https:\/\/www.echoeducation.eu\/wp-content\/uploads\/2022\/07\/logo_fondazione-pietro-barabro.png 300w, https:\/\/www.echoeducation.eu\/wp-content\/uploads\/2022\/07\/logo_fondazione-pietro-barabro-150x150.png 150w\" sizes=\"(max-width: 300px) 100vw, 300px\" \/>\t\t\t\t\t\t\n\t\t\t\t\t<\/div>\n\t\t\t\t\t\t\t\t\n<style>\n#image_1574377719 {\n  width: 100%;\n}\n<\/style>\n\t<\/div>\n\t\n\n\n\t\t<\/div>\n\t\t\t\t\t<\/div>\n\n\t\n\n\t<div id=\"col-374759811\" class=\"col medium-8 small-12 large-9\"  >\n\t\t\t\t<div class=\"col-inner\"  >\n\t\t\t\n\t\t\t\n\n<p>La Fondazione Pietro Barbaro \u00e8 stata istituita nel 2009 per decisione di Alfredo e Gianni Barbaro, esponenti di una storica famiglia siciliana che opera nel settore del trasporto marittimo da pi\u00f9 di duecento anni. La Fondazione ha interpretato e interpreta un ruolo attivo e partecipativo nello sviluppo locale, favorendo la pi\u00f9 ampia e attiva partecipazione dei singoli e della collettivit\u00e0 alla formulazione e alla realizzazione di idee (in forma di interventi, azioni, progetti) e promuovendo il benessere comune sul territorio di riferimento e nel Bacino del Mediterraneo. La Fondazione promuove altres\u00ec l\u2019incremento di attivit\u00e0 culturali e artistiche di sostenibilit\u00e0 ambientale, nonch\u00e9 la diffusione di iniziative di welfare culturale. Essa realizza percorsi didattici e formativi ispirati all\u2019utilizzo di metodologie didattiche innovative che valorizzano l\u2019apprendimento attivo e cooperativo, con particolare attenzione anche al benessere personale e alle relazioni. La Fondazione \u00e8 anche un laboratorio di comunicazione sociale che ha a cuore l\u2019audience, attraverso la sua politica culturale identitaria ed inclusiva, coinvolgendo anche enti di ricerca, associazioni, imprese culturali e cittadini per aumentare l&#8217;inclusivit\u00e0 e il bacino di collaborazioni, progredendo da una fase di fruizione a una di crescita e di condivisione. La Fondazione ha all&#8217;attivo diverse iniziative sulla promozione e tutela dell&#8217;ambiente e del mare, un&#8217;attivit\u00e0 di ricerca sulla storia di famiglia lungo 300 anni di storia dei mari confluita in un libro e altre collaborazioni con Universit\u00e0 europee e Sovrintendenze del Mare.     <\/p>\n\n\t\t<\/div>\n\t\t\t\t\t<\/div>\n\n\t\n\n<\/div>\n\n\t\t<\/div>\n\n\t\t\n<style>\n#section_1370890745 {\n  padding-top: 30px;\n  padding-bottom: 30px;\n}\n#section_1370890745 .ux-shape-divider--top svg {\n  height: 150px;\n  --divider-top-width: 100%;\n}\n#section_1370890745 .ux-shape-divider--bottom svg {\n  height: 150px;\n  --divider-width: 100%;\n}\n<\/style>\n\t<\/section>\n\t\n\t<section class=\"section\" id=\"section_695673997\">\n\t\t<div class=\"bg section-bg fill bg-fill  bg-loaded\" >\n\n\t\t\t\n\t\t\t\n\t\t\t\n\n\t\t<\/div>\n\n\t\t\n\n\t\t<div class=\"section-content relative\">\n\t\t\t\n\n\t<div id=\"gap-1552700265\" class=\"gap-element clearfix\" style=\"display:block; height:auto;\">\n\t\t\n<style>\n#gap-1552700265 {\n  padding-top: 30px;\n}\n<\/style>\n\t<\/div>\n\t\n\n<div class=\"row\"  id=\"row-1692637604\">\n\n\n\t<div id=\"col-2055180964\" class=\"col small-12 large-12\"  >\n\t\t\t\t<div class=\"col-inner\"  >\n\t\t\t\n\t\t\t\n\n\t<div id=\"text-3735725603\" class=\"text\">\n\t\t\n\n<h6><strong>Idrisi Cultura e Sviluppo <\/strong><\/h6>\n\t\t\n<style>\n#text-3735725603 {\n  font-size: 1.25rem;\n}\n<\/style>\n\t<\/div>\n\t\n\n\t\t<\/div>\n\t\t\t\t\t<\/div>\n\n\t\n\n<\/div>\n<div class=\"row\"  id=\"row-1494117584\">\n\n\n\t<div id=\"col-49903412\" class=\"col medium-8 small-12 large-9\"  >\n\t\t\t\t<div class=\"col-inner\"  >\n\t\t\t\n\t\t\t\n\n<p>IDRISI Cultura e Sviluppo \u00e8 una associazione no profit che incorpora tutti gli elementi di valore sociale e culturale capaci di sviluppare iniziative educative, formative, ma anche di tipo economico, in grado cio\u00e8 di mettere sullo stesso livello economia, cultura e societ\u00e0. Uno degli scopi di Idrisi Cultura e Sviluppo \u00e8 quello di elaborare soluzioni volte a contrastare fenomeni di intolleranza, marginalit\u00e0 ed esclusione, concentrando l\u2019attenzione su diverse categorie vulnerabili e svolgendo una continua attivit\u00e0 di sensibilizzazione verso le istituzioni pubbliche e\/o private locali. L\u2019associazione sviluppa servizi volti alla eliminazione delle cause che impediscono l\u2019integrazione di categorie vulnerabili (per es. giovani, NEET, donne, comunit\u00e0 LGBTIQ+) nel tessuto socio-economico e di partecipazione democratica, sostenendo anzitutto l\u2019intero settore educativo e formativo mediante campagne di progettazione e sensibilizzazione, nonch\u00e9 mediante modelli e pratiche creative, in particolare la fotografia e le arti performative.  <\/p>\n\n\t\t<\/div>\n\t\t\t\t\t<\/div>\n\n\t\n\n\t<div id=\"col-656278401\" class=\"col medium-4 small-12 large-3\"  >\n\t\t\t\t<div class=\"col-inner\"  >\n\t\t\t\n\t\t\t\n\n\t<div class=\"img has-hover x md-x lg-x y md-y lg-y\" id=\"image_351032336\">\n\t\t\t\t\t\t\t\t<div class=\"img-inner dark\" >\n\t\t\t<img width=\"400\" height=\"400\" src=\"https:\/\/www.echoeducation.eu\/wp-content\/uploads\/2022\/07\/logo_idrisi.png\" class=\"attachment-large size-large\" alt=\"\" loading=\"lazy\" srcset=\"https:\/\/www.echoeducation.eu\/wp-content\/uploads\/2022\/07\/logo_idrisi.png 400w, https:\/\/www.echoeducation.eu\/wp-content\/uploads\/2022\/07\/logo_idrisi-300x300.png 300w, https:\/\/www.echoeducation.eu\/wp-content\/uploads\/2022\/07\/logo_idrisi-150x150.png 150w\" sizes=\"(max-width: 400px) 100vw, 400px\" \/>\t\t\t\t\t\t\n\t\t\t\t\t<\/div>\n\t\t\t\t\t\t\t\t\n<style>\n#image_351032336 {\n  width: 100%;\n}\n<\/style>\n\t<\/div>\n\t\n\n\n\t\t<\/div>\n\t\t\t\t\t<\/div>\n\n\t\n\n<\/div>\n\n\t\t<\/div>\n\n\t\t\n<style>\n#section_695673997 {\n  padding-top: 30px;\n  padding-bottom: 30px;\n}\n#section_695673997 .ux-shape-divider--top svg {\n  height: 150px;\n  --divider-top-width: 100%;\n}\n#section_695673997 .ux-shape-divider--bottom svg {\n  height: 150px;\n  --divider-width: 100%;\n}\n<\/style>\n\t<\/section>\n\t\n\t<section class=\"section\" id=\"section_2084673776\">\n\t\t<div class=\"bg section-bg fill bg-fill  bg-loaded\" >\n\n\t\t\t\n\t\t\t\n\t\t\t\n\n\t\t<\/div>\n\n\t\t\n\n\t\t<div class=\"section-content relative\">\n\t\t\t\n\n\t<div id=\"gap-897897803\" class=\"gap-element clearfix\" style=\"display:block; height:auto;\">\n\t\t\n<style>\n#gap-897897803 {\n  padding-top: 30px;\n}\n<\/style>\n\t<\/div>\n\t\n\n<div class=\"row\"  id=\"row-1760249381\">\n\n\n\t<div id=\"col-130119217\" class=\"col small-12 large-12\"  >\n\t\t\t\t<div class=\"col-inner\"  >\n\t\t\t\n\t\t\t\n\n\t<div id=\"text-3824614505\" class=\"text\">\n\t\t\n\n<h6><strong>Carraro Lab<\/strong><\/h6>\n\t\t\n<style>\n#text-3824614505 {\n  font-size: 1.25rem;\n}\n<\/style>\n\t<\/div>\n\t\n\n\t\t<\/div>\n\t\t\t\t\t<\/div>\n\n\t\n\n<\/div>\n<div class=\"row\"  id=\"row-1634666153\">\n\n\n\t<div id=\"col-1500733460\" class=\"col medium-4 small-12 large-3\"  >\n\t\t\t\t<div class=\"col-inner\"  >\n\t\t\t\n\t\t\t\n\n\t<div class=\"img has-hover x md-x lg-x y md-y lg-y\" id=\"image_1068557863\">\n\t\t\t\t\t\t\t\t<div class=\"img-inner dark\" >\n\t\t\t<img width=\"400\" height=\"400\" src=\"https:\/\/www.echoeducation.eu\/wp-content\/uploads\/2022\/07\/logo_carrarolab.png\" class=\"attachment-large size-large\" alt=\"\" loading=\"lazy\" srcset=\"https:\/\/www.echoeducation.eu\/wp-content\/uploads\/2022\/07\/logo_carrarolab.png 400w, https:\/\/www.echoeducation.eu\/wp-content\/uploads\/2022\/07\/logo_carrarolab-300x300.png 300w, https:\/\/www.echoeducation.eu\/wp-content\/uploads\/2022\/07\/logo_carrarolab-150x150.png 150w\" sizes=\"(max-width: 400px) 100vw, 400px\" \/>\t\t\t\t\t\t\n\t\t\t\t\t<\/div>\n\t\t\t\t\t\t\t\t\n<style>\n#image_1068557863 {\n  width: 100%;\n}\n<\/style>\n\t<\/div>\n\t\n\n\n\t\t<\/div>\n\t\t\t\t\t<\/div>\n\n\t\n\n\t<div id=\"col-273872204\" class=\"col medium-8 small-12 large-9\"  >\n\t\t\t\t<div class=\"col-inner\"  >\n\t\t\t\n\t\t\t\n\n<p>Carraro LAB, nata nel 1995 come Studio Carraro, si avvale degli asset e delle referenze dei fondatori, Gualtiero e Roberto Carraro, che operano nel digitale dagli anni \u201980, con premi e riconoscimenti a livello internazionale: dalla Biennale di Venezia all\u2019European Award della Fiera del Libro di Francoforte, dai premi Moebius alla piattaforma virtuale di Expo 2015. Gualtiero e Roberto Carraro hanno operato nel corso degli anni anche attraverso altre societ\u00e0 controllate e partecipate (Telecom Design \/ Applix) di cui Carraro Lab \u00e8 stato fornitore. I contenuti e le applicazioni di Carraro LAB spaziano in diversi settori tematici, dalle grandi mostre (Biennale di Venezia, Leonardo a Palazzo Reale) ai grandi eventi (Expo 2015, Rio 2016, Fiera Milano), dal al Marketing immersivo (Open Fiber, Bridgestone, Mercedes), alle enciclopedie multimediali (Omnia Deagostini \u00e8 stata la prima in Europa per copie vendute), dalla digital identity aziendale (format per Pagine Gialle), all\u2019arte e cultura (musei e siti archeologici), dalla televisione innovativa (integrazione video per l&#8217;app TIM, Trono di spade per Sky), fino al turismo (portale Italia.it, applicazioni virtuali per stati e regioni). Dopo il 2000 i principali settori di attivit\u00e0 sono diventati il web multimediale e immersivo, con lo sviluppo di portali video e virtuali, e la produzione di opere su DVD. Tra le ultime realizzazioni sul web, la web tv Bit Channel, i tour virtuali e il motore di ricerca del nuovo Portale Italia.it.    <\/p>\n\n\t\t<\/div>\n\t\t\t\t\t<\/div>\n\n\t\n\n<\/div>\n\n\t\t<\/div>\n\n\t\t\n<style>\n#section_2084673776 {\n  padding-top: 30px;\n  padding-bottom: 30px;\n}\n#section_2084673776 .ux-shape-divider--top svg {\n  height: 150px;\n  --divider-top-width: 100%;\n}\n#section_2084673776 .ux-shape-divider--bottom svg {\n  height: 150px;\n  --divider-width: 100%;\n}\n<\/style>\n\t<\/section>\n\t\n\t<section class=\"section\" id=\"section_216481023\">\n\t\t<div class=\"bg section-bg fill bg-fill  bg-loaded\" >\n\n\t\t\t\n\t\t\t\n\t\t\t\n\n\t\t<\/div>\n\n\t\t\n\n\t\t<div class=\"section-content relative\">\n\t\t\t\n\n\t<div id=\"gap-266105946\" class=\"gap-element clearfix\" style=\"display:block; height:auto;\">\n\t\t\n<style>\n#gap-266105946 {\n  padding-top: 30px;\n}\n<\/style>\n\t<\/div>\n\t\n\n<div class=\"row\"  id=\"row-435454462\">\n\n\n\t<div id=\"col-522506159\" class=\"col small-12 large-12\"  >\n\t\t\t\t<div class=\"col-inner\"  >\n\t\t\t\n\t\t\t\n\n\t<div id=\"text-3488509440\" class=\"text\">\n\t\t\n\n<h6><strong>SEAL CYPRUS<\/strong><\/h6>\n\t\t\n<style>\n#text-3488509440 {\n  font-size: 1.25rem;\n}\n<\/style>\n\t<\/div>\n\t\n\n\t\t<\/div>\n\t\t\t\t\t<\/div>\n\n\t\n\n<\/div>\n<div class=\"row\"  id=\"row-648807010\">\n\n\n\t<div id=\"col-387155747\" class=\"col medium-8 small-12 large-9\"  >\n\t\t\t\t<div class=\"col-inner\"  >\n\t\t\t\n\t\t\t\n\n<p>Con metodi di insegnamento e apprendimento partecipativi, SEAL CYPRUS motiva e sostiene discenti giovani e adulti nell\u2019acquisizione di conoscenze, abilit\u00e0, attitudini e valori necessari per plasmare un futuro sostenibile. Partendo dalle esigenze dei discenti, l\u2019organizzazione offre soluzioni di apprendimento \u201cblended\u201d. Il team di SEAL utilizza infatti un\u2019ampia gamma di metodi educativi, interattivi e innovativi, per fornire un apprendimento inclusivo, outdoor, in presenza e a distanza, non formale, spendibile in ambito lavorativo. SEAL CYPRUS sviluppa curricula educativi per corsi di formazione a sostegno di educatori, formatori, operatori della giovent\u00f9, avendo maturato inoltre ampia esperienza nel campo dei Partenariati Strategici Erasmus. I ricercatori osservano e implementano alti standard accademici per raccogliere e analizzare intuizioni sulle questioni della societ\u00e0 contemporanea. SEAL CYPRUS \u00e8 al momento impegnata nella sperimentazione dell\u2019istruzione online, dell\u2019apprendimento misto e dell\u2019animazione socioeducativa digitale.     <\/p>\n\n\t\t<\/div>\n\t\t\t\t\t<\/div>\n\n\t\n\n\t<div id=\"col-1369528109\" class=\"col medium-4 small-12 large-3\"  >\n\t\t\t\t<div class=\"col-inner\"  >\n\t\t\t\n\t\t\t\n\n\t<div class=\"img has-hover x md-x lg-x y md-y lg-y\" id=\"image_451329934\">\n\t\t\t\t\t\t\t\t<div class=\"img-inner dark\" >\n\t\t\t<img width=\"400\" height=\"400\" src=\"https:\/\/www.echoeducation.eu\/wp-content\/uploads\/2022\/07\/logo_SEAL-CYPRUS.png\" class=\"attachment-large size-large\" alt=\"\" loading=\"lazy\" srcset=\"https:\/\/www.echoeducation.eu\/wp-content\/uploads\/2022\/07\/logo_SEAL-CYPRUS.png 400w, https:\/\/www.echoeducation.eu\/wp-content\/uploads\/2022\/07\/logo_SEAL-CYPRUS-300x300.png 300w, https:\/\/www.echoeducation.eu\/wp-content\/uploads\/2022\/07\/logo_SEAL-CYPRUS-150x150.png 150w\" sizes=\"(max-width: 400px) 100vw, 400px\" \/>\t\t\t\t\t\t\n\t\t\t\t\t<\/div>\n\t\t\t\t\t\t\t\t\n<style>\n#image_451329934 {\n  width: 100%;\n}\n<\/style>\n\t<\/div>\n\t\n\n\n\t\t<\/div>\n\t\t\t\t\t<\/div>\n\n\t\n\n<\/div>\n\n\t\t<\/div>\n\n\t\t\n<style>\n#section_216481023 {\n  padding-top: 30px;\n  padding-bottom: 30px;\n}\n#section_216481023 .ux-shape-divider--top svg {\n  height: 150px;\n  --divider-top-width: 100%;\n}\n#section_216481023 .ux-shape-divider--bottom svg {\n  height: 150px;\n  --divider-width: 100%;\n}\n<\/style>\n\t<\/section>\n\t\n\t<section class=\"section\" id=\"section_2083212177\">\n\t\t<div class=\"bg section-bg fill bg-fill  bg-loaded\" >\n\n\t\t\t\n\t\t\t\n\t\t\t\n\n\t\t<\/div>\n\n\t\t\n\n\t\t<div class=\"section-content relative\">\n\t\t\t\n\n\t<div id=\"gap-1548150870\" class=\"gap-element clearfix\" style=\"display:block; height:auto;\">\n\t\t\n<style>\n#gap-1548150870 {\n  padding-top: 30px;\n}\n<\/style>\n\t<\/div>\n\t\n\n<div class=\"row\"  id=\"row-1683469718\">\n\n\n\t<div id=\"col-1502954380\" class=\"col small-12 large-12\"  >\n\t\t\t\t<div class=\"col-inner\"  >\n\t\t\t\n\t\t\t\n\n\t<div id=\"text-3345988649\" class=\"text\">\n\t\t\n\n<h6><strong>Association WalkTogether<\/strong><\/h6>\n\t\t\n<style>\n#text-3345988649 {\n  font-size: 1.25rem;\n}\n<\/style>\n\t<\/div>\n\t\n\n\t\t<\/div>\n\t\t\t\t\t<\/div>\n\n\t\n\n<\/div>\n<div class=\"row\"  id=\"row-880695746\">\n\n\n\t<div id=\"col-153653678\" class=\"col medium-4 small-12 large-3\"  >\n\t\t\t\t<div class=\"col-inner\"  >\n\t\t\t\n\t\t\t\n\n\t<div class=\"img has-hover x md-x lg-x y md-y lg-y\" id=\"image_979951234\">\n\t\t\t\t\t\t\t\t<div class=\"img-inner dark\" >\n\t\t\t<img width=\"400\" height=\"400\" src=\"https:\/\/www.echoeducation.eu\/wp-content\/uploads\/2022\/07\/logo_walktogether.png\" class=\"attachment-large size-large\" alt=\"\" loading=\"lazy\" srcset=\"https:\/\/www.echoeducation.eu\/wp-content\/uploads\/2022\/07\/logo_walktogether.png 400w, https:\/\/www.echoeducation.eu\/wp-content\/uploads\/2022\/07\/logo_walktogether-300x300.png 300w, https:\/\/www.echoeducation.eu\/wp-content\/uploads\/2022\/07\/logo_walktogether-150x150.png 150w\" sizes=\"(max-width: 400px) 100vw, 400px\" \/>\t\t\t\t\t\t\n\t\t\t\t\t<\/div>\n\t\t\t\t\t\t\t\t\n<style>\n#image_979951234 {\n  width: 100%;\n}\n<\/style>\n\t<\/div>\n\t\n\n\n\t\t<\/div>\n\t\t\t\t\t<\/div>\n\n\t\n\n\t<div id=\"col-216337259\" class=\"col medium-8 small-12 large-9\"  >\n\t\t\t\t<div class=\"col-inner\"  >\n\t\t\t\n\t\t\t\n\n<p>L&#8217;associazione WalkTogether (WT) \u00e8 stata creata nel 2013 col presupposto di divenire un centro di apprendimento a favore di educatori, formatori, assistenti sociali, giovani, adulti, senior. Lo scopo generale di WalkTogether \u00e8 quello di offrire un&#8217;istruzione non formale di alta qualit\u00e0 ad adulti e giovani, coprendo le tre aree principali dell&#8217;istruzione non formale: l&#8217;istruzione socio-culturale, l&#8217;educazione per lo sviluppo personale e la formazione professionale. L\u2019organizzazione \u00e8 stata fondata da un gruppo di attivisti e formatori che desiderano contribuire alla costruzione di una societ\u00e0 responsabile e consapevole in Bulgaria. Lo scopo primario di WalkTogether \u00e8 quello di coinvolgere la pi\u00f9 ampia cittadinanza in percorsi di educazione civica in pieno accordo con la cultura e le politiche europee. Nel dettaglio, WalkTogether persegue i seguenti obiettivi: incoraggiare la partecipazione civica e il coinvolgimento attivo dei giovani in processi educativi, anche orientati alla Sostenibilit\u00e0 Ambientale; promuovere la cooperazione internazionale per lo sviluppo di buone pratiche educative per giovani, adulti e senior; implementare nuove pratiche sociali di integrazione e protezione delle comunit\u00e0 vulnerabili; operare in programmi nazionali e internazionali relativi ai diritti umani e alle questioni ambientali; attuare programmi e strategie per l&#8217;allineamento della Bulgaria agli standard europei; distribuire e promuovere il sistema valoriale europeo; supportare e collaborare con organizzazioni di fisionomia simile; partecipare a programmi di formazione nazionali e internazionali, scambi culturali e mobilit\u00e0. Le attivit\u00e0 di WalkTogether sono dirette anche alla ricerca e pubblicazione di materiali informativi e alla collaborazione con organizzazioni, istituzioni e privati in Bulgaria e all&#8217;estero.     <\/p>\n\n\t\t<\/div>\n\t\t\t\t\t<\/div>\n\n\t\n\n<\/div>\n\n\t\t<\/div>\n\n\t\t\n<style>\n#section_2083212177 {\n  padding-top: 30px;\n  padding-bottom: 30px;\n}\n#section_2083212177 .ux-shape-divider--top svg {\n  height: 150px;\n  --divider-top-width: 100%;\n}\n#section_2083212177 .ux-shape-divider--bottom svg {\n  height: 150px;\n  --divider-width: 100%;\n}\n<\/style>\n\t<\/section>\n\t\n\n","protected":false},"excerpt":{"rendered":"","protected":false},"author":1,"featured_media":183,"parent":0,"menu_order":4,"comment_status":"closed","ping_status":"closed","template":"","meta":[],"_links":{"self":[{"href":"https:\/\/www.echoeducation.eu\/it\/wp-json\/wp\/v2\/pages\/62"}],"collection":[{"href":"https:\/\/www.echoeducation.eu\/it\/wp-json\/wp\/v2\/pages"}],"about":[{"href":"https:\/\/www.echoeducation.eu\/it\/wp-json\/wp\/v2\/types\/page"}],"author":[{"embeddable":true,"href":"https:\/\/www.echoeducation.eu\/it\/wp-json\/wp\/v2\/users\/1"}],"replies":[{"embeddable":true,"href":"https:\/\/www.echoeducation.eu\/it\/wp-json\/wp\/v2\/comments?post=62"}],"version-history":[{"count":6,"href":"https:\/\/www.echoeducation.eu\/it\/wp-json\/wp\/v2\/pages\/62\/revisions"}],"predecessor-version":[{"id":493,"href":"https:\/\/www.echoeducation.eu\/it\/wp-json\/wp\/v2\/pages\/62\/revisions\/493"}],"wp:featuredmedia":[{"embeddable":true,"href":"https:\/\/www.echoeducation.eu\/it\/wp-json\/wp\/v2\/media\/183"}],"wp:attachment":[{"href":"https:\/\/www.echoeducation.eu\/it\/wp-json\/wp\/v2\/media?parent=62"}],"curies":[{"name":"wp","href":"https:\/\/api.w.org\/{rel}","templated":true}]}}