{"id":497,"date":"2022-07-06T13:25:23","date_gmt":"2022-07-06T13:25:23","guid":{"rendered":"https:\/\/www.echoeducation.eu\/risultati\/linee-guida\/"},"modified":"2024-09-06T14:29:36","modified_gmt":"2024-09-06T14:29:36","slug":"linee-guida","status":"publish","type":"page","link":"https:\/\/www.echoeducation.eu\/it\/risultati\/linee-guida\/","title":{"rendered":"Linee guida"},"content":{"rendered":"\n  <div id=\"page-header-885060412\" class=\"page-header-wrapper\">\n  <div class=\"page-title dark featured-title\">\n\n        <div class=\"page-title-bg\">\n      <div class=\"title-bg fill bg-fill\"\n        data-parallax-container=\".page-title\"\n        data-parallax-background\n        data-parallax=\"-\">\n      <\/div>\n      <div class=\"title-overlay fill\"><\/div>\n    <\/div>\n    \n    <div class=\"page-title-inner container align-center text-center flex-row-col medium-flex-wrap\" >\n              <div class=\"title-wrapper flex-col\">\n          <h1 class=\"entry-title mb-0\">\n            Linee guida \u2013 l\u2019integrazione della Sostenibilit\u00e0 Ambientale nell\u2019Educazione Europea          <\/h1>\n        <\/div>\n                    <div class=\"title-content flex-col\">\n        <div class=\"title-breadcrumbs pb-half pt-half\"><\/div>      <\/div>\n    <\/div>\n\n     \n<style>\n#page-header-885060412 .page-title-inner {\n  min-height: 178px;\n}\n#page-header-885060412 .title-bg {\n  background-image: url(https:\/\/www.echoeducation.eu\/wp-content\/uploads\/2022\/07\/green-tops-of-trees_285514482.jpeg);\n}\n#page-header-885060412 .featured-title {\n  background-color: rgb(0,0,0);\n}\n<\/style>\n  <\/div>\n    <\/div>\n  \n\n\t<section class=\"section dark\" id=\"section_92257710\">\n\t\t<div class=\"bg section-bg fill bg-fill  bg-loaded\" >\n\n\t\t\t\n\t\t\t\n\t\t\t\n\n\t\t<\/div>\n\n\t\t\n\n\t\t<div class=\"section-content relative\">\n\t\t\t\n\n\t<div id=\"gap-1948285961\" class=\"gap-element clearfix\" style=\"display:block; height:auto;\">\n\t\t\n<style>\n#gap-1948285961 {\n  padding-top: 30px;\n}\n<\/style>\n\t<\/div>\n\t\n\n<div class=\"row align-center\"  id=\"row-109343873\">\n\n\n\t<div id=\"col-890719195\" class=\"col small-12 large-12\"  >\n\t\t\t\t<div class=\"col-inner\"  >\n\t\t\t\n\t\t\t\n\n<p>Le linee guida dell\u2019integrazione della Sostenibilit\u00e0 Ambientale nell\u2019Educazione Europea \u00e8 il primo Risultato di ECHO, che ha l\u2019obiettivo di analizzare la qualit\u00e0 e la consistenza dell\u2019integrazione dei temi della Sostenibilit\u00e0 Ambientale nel curriculum educativo presente nei paesi di partenariato e, pi\u00f9 in generale, in Europa, evidenziando analogie e differenze. Questo risultato delinea anche una metodologia utile e coinvolgente per gli educatori per facilitare questa integrazione. Verranno quindi individuati i bisogni, le valutazioni, le proposte, le criticit\u00e0 e le lacune in merito alla possibilit\u00e0 di integrare nel curriculum, in modalit\u00e0 olistica, trasversale ed efficace, gli elementi dell\u2019Educazione alla Sostenibilit\u00e0 Ambientale.  <\/p>\n<div class=\"row\"  id=\"row-482428200\">\n\n\n\t<div id=\"col-1540781094\" class=\"col small-12 large-12\"  >\n\t\t\t\t<div class=\"col-inner\"  >\n\t\t\t\n\t\t\t\n\n\n\t\t<div class=\"icon-box featured-box icon-box-left text-left\"  >\n\t\t\t\t\t<div class=\"icon-box-img\" style=\"width: 60px\">\n\t\t\t\t<div class=\"icon\">\n\t\t\t\t\t<div class=\"icon-inner\" style=\"color:rgb(255, 255, 255);\">\n\t\t\t\t\t\t<img width=\"300\" height=\"300\" src=\"https:\/\/www.echoeducation.eu\/wp-content\/uploads\/2024\/09\/download-300x300.png\" class=\"attachment-medium size-medium\" alt=\"\" loading=\"lazy\" srcset=\"https:\/\/www.echoeducation.eu\/wp-content\/uploads\/2024\/09\/download-300x300.png 300w, https:\/\/www.echoeducation.eu\/wp-content\/uploads\/2024\/09\/download-150x150.png 150w, https:\/\/www.echoeducation.eu\/wp-content\/uploads\/2024\/09\/download.png 700w\" sizes=\"(max-width: 300px) 100vw, 300px\" \/>\t\t\t\t\t<\/div>\n\t\t\t\t<\/div>\n\t\t\t<\/div>\n\t\t\t\t<div class=\"icon-box-text last-reset\">\n\t\t\t\t\t\t\t\t\t\n\n<h3><a href=\"https:\/\/www.echoeducation.eu\/wp-content\/uploads\/2024\/09\/PR1_ECHO_RIGHT_FORMAT_FINAL_DRAFT.IT_.pdf\" target=\"_blank\" rel=\"noopener\"><a href=\"https:\/\/www.echoeducation.eu\/wp-content\/uploads\/2024\/09\/PR1_ECHO_RIGHT_FORMAT_FINAL_DRAFT.IT_.pdf\">Ricerca \u2013 Azione: Le linee guida dell\u2019integrazione della Sostenibilit\u00e0 Ambientale nell\u2019Educazione Europea<\/a><\/a><\/h3>\n<p>Codice progetto: 2021-1-IT02-KA220- ADU-000029662<\/p>\n\n\n\t\t<\/div>\n\t<\/div>\n\t\n\t\n\n\t\t<\/div>\n\t\t\t\t\t<\/div>\n\n\t\n\n<\/div>\n\n\t\t<\/div>\n\t\t\t\t\t<\/div>\n\n\t\n\n<\/div>\n\n\t\t<\/div>\n\n\t\t\n<style>\n#section_92257710 {\n  padding-top: 30px;\n  padding-bottom: 30px;\n  background-color: rgb(30, 30, 30);\n}\n#section_92257710 .ux-shape-divider--top svg {\n  height: 150px;\n  --divider-top-width: 100%;\n}\n#section_92257710 .ux-shape-divider--bottom svg {\n  height: 150px;\n  --divider-width: 100%;\n}\n<\/style>\n\t<\/section>\n\t\n\n","protected":false},"excerpt":{"rendered":"","protected":false},"author":1,"featured_media":347,"parent":50,"menu_order":1,"comment_status":"closed","ping_status":"closed","template":"","meta":[],"_links":{"self":[{"href":"https:\/\/www.echoeducation.eu\/it\/wp-json\/wp\/v2\/pages\/497"}],"collection":[{"href":"https:\/\/www.echoeducation.eu\/it\/wp-json\/wp\/v2\/pages"}],"about":[{"href":"https:\/\/www.echoeducation.eu\/it\/wp-json\/wp\/v2\/types\/page"}],"author":[{"embeddable":true,"href":"https:\/\/www.echoeducation.eu\/it\/wp-json\/wp\/v2\/users\/1"}],"replies":[{"embeddable":true,"href":"https:\/\/www.echoeducation.eu\/it\/wp-json\/wp\/v2\/comments?post=497"}],"version-history":[{"count":5,"href":"https:\/\/www.echoeducation.eu\/it\/wp-json\/wp\/v2\/pages\/497\/revisions"}],"predecessor-version":[{"id":822,"href":"https:\/\/www.echoeducation.eu\/it\/wp-json\/wp\/v2\/pages\/497\/revisions\/822"}],"up":[{"embeddable":true,"href":"https:\/\/www.echoeducation.eu\/it\/wp-json\/wp\/v2\/pages\/50"}],"wp:featuredmedia":[{"embeddable":true,"href":"https:\/\/www.echoeducation.eu\/it\/wp-json\/wp\/v2\/media\/347"}],"wp:attachment":[{"href":"https:\/\/www.echoeducation.eu\/it\/wp-json\/wp\/v2\/media?parent=497"}],"curies":[{"name":"wp","href":"https:\/\/api.w.org\/{rel}","templated":true}]}}