{"id":487,"date":"2022-07-06T13:31:45","date_gmt":"2022-07-06T13:31:45","guid":{"rendered":"https:\/\/www.echoeducation.eu\/risultati\/toolkit-formazione\/"},"modified":"2024-09-30T13:22:58","modified_gmt":"2024-09-30T13:22:58","slug":"toolkit-formazione","status":"publish","type":"page","link":"https:\/\/www.echoeducation.eu\/it\/risultati\/toolkit-formazione\/","title":{"rendered":"Toolkit &amp; Formazione"},"content":{"rendered":"\n  <div id=\"page-header-780993781\" class=\"page-header-wrapper\">\n  <div class=\"page-title dark featured-title\">\n\n        <div class=\"page-title-bg\">\n      <div class=\"title-bg fill bg-fill\"\n        data-parallax-container=\".page-title\"\n        data-parallax-background\n        data-parallax=\"-\">\n      <\/div>\n      <div class=\"title-overlay fill\"><\/div>\n    <\/div>\n    \n    <div class=\"page-title-inner container align-center text-center flex-row-col medium-flex-wrap\" >\n              <div class=\"title-wrapper flex-col\">\n          <h1 class=\"entry-title mb-0\">\n            Toolkit &amp; Formazione          <\/h1>\n        <\/div>\n                    <div class=\"title-content flex-col\">\n        <div class=\"title-breadcrumbs pb-half pt-half\"><\/div>      <\/div>\n    <\/div>\n\n     \n<style>\n#page-header-780993781 .page-title-inner {\n  min-height: 178px;\n}\n#page-header-780993781 .title-bg {\n  background-image: url(https:\/\/www.echoeducation.eu\/wp-content\/uploads\/2022\/07\/field_208925758.jpeg);\n}\n#page-header-780993781 .featured-title {\n  background-color: #3382cd;\n}\n<\/style>\n  <\/div>\n    <\/div>\n  \n\n\t<section class=\"section dark\" id=\"section_110784299\">\n\t\t<div class=\"bg section-bg fill bg-fill  bg-loaded\" >\n\n\t\t\t\n\t\t\t\n\t\t\t\n\n\t\t<\/div>\n\n\t\t\n\n\t\t<div class=\"section-content relative\">\n\t\t\t\n\n\t<div id=\"gap-1409529350\" class=\"gap-element clearfix\" style=\"display:block; height:auto;\">\n\t\t\n<style>\n#gap-1409529350 {\n  padding-top: 30px;\n}\n<\/style>\n\t<\/div>\n\t\n\n<div class=\"row align-center\"  id=\"row-457795436\">\n\n\n\t<div id=\"col-859838610\" class=\"col small-12 large-12\"  >\n\t\t\t\t<div class=\"col-inner\"  >\n\t\t\t\n\t\t\t\n\n<p>ECHO produrr\u00e0 due principali risorse per l\u2019educatore, l\u2019insegnante, lo youth worker: 1. Toolkit dell\u2019educatore: il volontariato per la Sostenibilit\u00e0 Ambientale e per la nuova cultura del consumo e dello scarto 2. Curriculum Imprenditoriale: le possibilit\u00e0 della Sostenibilit\u00e0 Ambientale, role models, best practices, green jobs Queste risorse rispondono alla necessit\u00e0 di dotare le professionalit\u00e0 afferenti al settore dell\u2019educazione e dell\u2019animazione socioeducativa percorsi di potenziamento, modelli ed esercizi utili per affrontare in modo innovativo la Sostenibilit\u00e0 Ambientale a contatto con i discenti, siano essi giovani, adulti o senior. Nel dettaglio: Il Toolkit sar\u00e0 composto da numerosi moduli sulla Sostenibilit\u00e0 Ambientale, intesa come prospettiva e attitudine quotidiana, da trasmettere ai discenti, alle nuove generazioni. Esso svilupper\u00e0 temi come il rifiuto e lo scarto (da problema a risorsa), la riduzione dell\u2019impronta ecologica e ambientale, le diverse forme di riciclaggio, l\u2019alimentazione solidale, la creativit\u00e0 ecologica. Il Curriculum, per formatori ed educatori, offrir\u00e0 una panoramica esaustiva e al contempo realistica sui \u201cgreen jobs\u201d, specificamente nel campo dell\u2019agricoltura e della bioproduzione sostenibile. Esso sar\u00e0 arricchito dalla presentazione di role models e affronter\u00e0 anche le potenzialit\u00e0 occupazionali offerte specificamente dai settori della Tutela dell\u2019Ecosistema: un quadro sulla \u201cgreen economy\u201d, che orienter\u00e0 i giovani adulti verso buone e utili scelte formative e professionali       <\/p>\n\n\t\t<\/div>\n\t\t\t\t\t<\/div>\n\n\t\n\n<\/div>\n<div class=\"row\"  id=\"row-1391689299\">\n\n\n\t<div id=\"col-1302838815\" class=\"col small-12 large-12\"  >\n\t\t\t\t<div class=\"col-inner\"  >\n\t\t\t\n\t\t\t\n\n\n\t\t<div class=\"icon-box featured-box icon-box-left text-left\"  >\n\t\t\t\t\t<div class=\"icon-box-img\" style=\"width: 60px\">\n\t\t\t\t<div class=\"icon\">\n\t\t\t\t\t<div class=\"icon-inner\" >\n\t\t\t\t\t\t<img width=\"300\" height=\"300\" src=\"https:\/\/www.echoeducation.eu\/wp-content\/uploads\/2024\/09\/download-300x300.png\" class=\"attachment-medium size-medium\" alt=\"\" loading=\"lazy\" srcset=\"https:\/\/www.echoeducation.eu\/wp-content\/uploads\/2024\/09\/download-300x300.png 300w, https:\/\/www.echoeducation.eu\/wp-content\/uploads\/2024\/09\/download-150x150.png 150w, https:\/\/www.echoeducation.eu\/wp-content\/uploads\/2024\/09\/download.png 700w\" sizes=\"(max-width: 300px) 100vw, 300px\" \/>\t\t\t\t\t<\/div>\n\t\t\t\t<\/div>\n\t\t\t<\/div>\n\t\t\t\t<div class=\"icon-box-text last-reset\">\n\t\t\t\t\t\t\t\t\t\n\n<h3><a href=\"https:\/\/www.echoeducation.eu\/wp-content\/uploads\/2024\/09\/PR4_Toolkit_Final_IT.pdf\">Kit di strumenti per gli educatori sull&#8217;educazione ambientale<\/a><\/h3>\n<p>Codice Progetto: 2021-1-IT02-KA220-ADU-000029662<\/p>\n\n\t\t<\/div>\n\t<\/div>\n\t\n\t\n\t<div id=\"gap-1316972180\" class=\"gap-element clearfix\" style=\"display:block; height:auto;\">\n\t\t\n<style>\n#gap-1316972180 {\n  padding-top: 30px;\n}\n<\/style>\n\t<\/div>\n\t\n\n\n\t\t<div class=\"icon-box featured-box icon-box-left text-left\"  >\n\t\t\t\t\t<div class=\"icon-box-img\" style=\"width: 60px\">\n\t\t\t\t<div class=\"icon\">\n\t\t\t\t\t<div class=\"icon-inner\" >\n\t\t\t\t\t\t<img width=\"300\" height=\"300\" src=\"https:\/\/www.echoeducation.eu\/wp-content\/uploads\/2024\/09\/download-300x300.png\" class=\"attachment-medium size-medium\" alt=\"\" loading=\"lazy\" srcset=\"https:\/\/www.echoeducation.eu\/wp-content\/uploads\/2024\/09\/download-300x300.png 300w, https:\/\/www.echoeducation.eu\/wp-content\/uploads\/2024\/09\/download-150x150.png 150w, https:\/\/www.echoeducation.eu\/wp-content\/uploads\/2024\/09\/download.png 700w\" sizes=\"(max-width: 300px) 100vw, 300px\" \/>\t\t\t\t\t<\/div>\n\t\t\t\t<\/div>\n\t\t\t<\/div>\n\t\t\t\t<div class=\"icon-box-text last-reset\">\n\t\t\t\t\t\t\t\t\t\n\n<h3><a href=\"https:\/\/www.echoeducation.eu\/wp-content\/uploads\/2024\/09\/PR-5-Green-Curriculum_FINAL_IT.pdf\">Green Economy &#8211; Un Curriculum<\/a><\/h3>\n\n\n\t\t<\/div>\n\t<\/div>\n\t\n\t\n\n\t\t<\/div>\n\t\t\t\t\t<\/div>\n\n\t\n\n<\/div>\n\n\t\t<\/div>\n\n\t\t\n<style>\n#section_110784299 {\n  padding-top: 30px;\n  padding-bottom: 30px;\n  background-color: rgb(30, 30, 30);\n}\n#section_110784299 .ux-shape-divider--top svg {\n  height: 150px;\n  --divider-top-width: 100%;\n}\n#section_110784299 .ux-shape-divider--bottom svg {\n  height: 150px;\n  --divider-width: 100%;\n}\n<\/style>\n\t<\/section>\n\t\n\n","protected":false},"excerpt":{"rendered":"","protected":false},"author":1,"featured_media":343,"parent":50,"menu_order":4,"comment_status":"closed","ping_status":"closed","template":"","meta":[],"_links":{"self":[{"href":"https:\/\/www.echoeducation.eu\/it\/wp-json\/wp\/v2\/pages\/487"}],"collection":[{"href":"https:\/\/www.echoeducation.eu\/it\/wp-json\/wp\/v2\/pages"}],"about":[{"href":"https:\/\/www.echoeducation.eu\/it\/wp-json\/wp\/v2\/types\/page"}],"author":[{"embeddable":true,"href":"https:\/\/www.echoeducation.eu\/it\/wp-json\/wp\/v2\/users\/1"}],"replies":[{"embeddable":true,"href":"https:\/\/www.echoeducation.eu\/it\/wp-json\/wp\/v2\/comments?post=487"}],"version-history":[{"count":4,"href":"https:\/\/www.echoeducation.eu\/it\/wp-json\/wp\/v2\/pages\/487\/revisions"}],"predecessor-version":[{"id":882,"href":"https:\/\/www.echoeducation.eu\/it\/wp-json\/wp\/v2\/pages\/487\/revisions\/882"}],"up":[{"embeddable":true,"href":"https:\/\/www.echoeducation.eu\/it\/wp-json\/wp\/v2\/pages\/50"}],"wp:featuredmedia":[{"embeddable":true,"href":"https:\/\/www.echoeducation.eu\/it\/wp-json\/wp\/v2\/media\/343"}],"wp:attachment":[{"href":"https:\/\/www.echoeducation.eu\/it\/wp-json\/wp\/v2\/media?parent=487"}],"curies":[{"name":"wp","href":"https:\/\/api.w.org\/{rel}","templated":true}]}}